{"id":175,"date":"2025-04-25T18:36:53","date_gmt":"2025-04-25T21:36:53","guid":{"rendered":"https:\/\/toptrofeus.com.br\/novosite\/?post_type=product&#038;p=175"},"modified":"2025-04-25T19:06:25","modified_gmt":"2025-04-25T22:06:25","slug":"trofeu-bola-de-futebol","status":"publish","type":"product","link":"https:\/\/toptrofeus.com.br\/novosite\/produto\/trofeu-bola-de-futebol\/","title":{"rendered":"Trof\u00e9u Bola de Futebol"},"content":{"rendered":"<p>O Trof\u00e9u de Futebol Bola Tradicional possui 43 cm de altura, com largura superior de 7,7 cm e inferior de 7,5 cm, apoiado em uma base de 8,8 cm de altura. Com peso aproximado de 450 g, \u00e9 produzido com materiais de alta qualidade, oferecendo resist\u00eancia e eleg\u00e2ncia. Dispon\u00edvel nas cores dourado, preto, prata e azul, o trof\u00e9u conta ainda com op\u00e7\u00f5es de estatueta fixa de bola de futebol nas cores prata ou dourado, com gomos nas cores preto, vermelho ou verde, proporcionando personaliza\u00e7\u00e3o para diferentes estilos de premia\u00e7\u00e3o.<\/p>\n","protected":false},"excerpt":{"rendered":"<p>O Trof\u00e9u de Futebol Bola Tradicional possui 43 cm de altura, com largura superior de 7,7 cm e inferior de 7,5 cm, apoiado em uma base de 8,8 cm de altura. Com peso aproximado de 450 g, \u00e9 produzido com materiais de alta qualidade, oferecendo resist\u00eancia e eleg\u00e2ncia. Dispon\u00edvel nas cores dourado, preto, prata e [&hellip;]<\/p>\n","protected":false},"featured_media":176,"comment_status":"open","ping_status":"closed","template":"","meta":[],"product_brand":[],"product_cat":[17,20],"product_tag":[],"class_list":{"0":"post-175","1":"product","2":"type-product","3":"status-publish","4":"has-post-thumbnail","6":"product_cat-trofeus","7":"product_cat-trofeus-tradicionais","9":"first","10":"instock","11":"sale","12":"taxable","13":"shipping-taxable","14":"purchasable","15":"product-type-simple"},"_links":{"self":[{"href":"https:\/\/toptrofeus.com.br\/novosite\/wp-json\/wp\/v2\/product\/175","targetHints":{"allow":["GET"]}}],"collection":[{"href":"https:\/\/toptrofeus.com.br\/novosite\/wp-json\/wp\/v2\/product"}],"about":[{"href":"https:\/\/toptrofeus.com.br\/novosite\/wp-json\/wp\/v2\/types\/product"}],"replies":[{"embeddable":true,"href":"https:\/\/toptrofeus.com.br\/novosite\/wp-json\/wp\/v2\/comments?post=175"}],"wp:featuredmedia":[{"embeddable":true,"href":"https:\/\/toptrofeus.com.br\/novosite\/wp-json\/wp\/v2\/media\/176"}],"wp:attachment":[{"href":"https:\/\/toptrofeus.com.br\/novosite\/wp-json\/wp\/v2\/media?parent=175"}],"wp:term":[{"taxonomy":"product_brand","embeddable":true,"href":"https:\/\/toptrofeus.com.br\/novosite\/wp-json\/wp\/v2\/product_brand?post=175"},{"taxonomy":"product_cat","embeddable":true,"href":"https:\/\/toptrofeus.com.br\/novosite\/wp-json\/wp\/v2\/product_cat?post=175"},{"taxonomy":"product_tag","embeddable":true,"href":"https:\/\/toptrofeus.com.br\/novosite\/wp-json\/wp\/v2\/product_tag?post=175"}],"curies":[{"name":"wp","href":"https:\/\/api.w.org\/{rel}","templated":true}]}}